{"id":3,"date":"2022-07-29T20:49:22","date_gmt":"2022-07-29T20:49:22","guid":{"rendered":"https:\/\/plxc.pl\/de\/?page_id=3"},"modified":"2023-06-08T17:45:00","modified_gmt":"2023-06-08T17:45:00","slug":"polityka-prywatnosci","status":"publish","type":"page","link":"https:\/\/plxc.pl\/de\/polityka-prywatnosci\/","title":{"rendered":"Datenschutzbestimmungen"},"content":{"rendered":"\r\n<p>Unsere Website-Adresse lautet: https:\/\/plxc.pl\/de.<\/p>\r\n<h2>Welche pers\u00f6nlichen Daten wir sammeln und warum wir sie sammeln<\/h2>\r\n<h3>Kommentare<\/h3>\r\n<p>Wenn ein Besucher der Website einen Kommentar hinterl\u00e4sst, erfassen wir die im Kommentarformular sichtbaren Daten sowie die IP-Adresse und die Browsersignatur des Besuchers als Hilfsmittel zur Spamerkennung.<\/p>\r\n<h3>Medien<\/h3>\r\n<p>Wenn Sie ein registrierter Benutzer sind und Bilder auf die Website hochladen, sollten Sie es vermeiden, Bilder mit EXIF-Ortsangaben hochzuladen. Website-Besucher k\u00f6nnen die vollst\u00e4ndigen Standortdaten von Bildern auf der Website herunterladen und lesen.<\/p>\r\n<h3>Kontaktformulare<\/h3>\r\n<h3>Cookies<\/h3>\r\n<p>Wenn Sie einen Kommentar auf unserer Website hinterlassen, k\u00f6nnen Sie w\u00e4hlen, ob Ihr Name, Ihre E-Mail-Adresse und Ihre Website-Adresse in Cookies gespeichert werden sollen, so dass Sie beim Verfassen sp\u00e4terer Kommentare die oben genannten Informationen bereits zur Hand haben. Diese Cookies verfallen nach einem Jahr.<\/p>\r\n<p>Wenn Sie die Login-Seite besuchen, legen wir ein tempor\u00e4res Cookie an, um zu pr\u00fcfen, ob Ihr Browser Cookies akzeptiert. Dieses Cookie enth\u00e4lt keine pers\u00f6nlichen Daten und wird verworfen, wenn Sie Ihren Browser schlie\u00dfen.<\/p>\r\n<p>Wenn Sie sich anmelden, legen wir zus\u00e4tzlich mehrere Cookies an, um Ihre Anmeldeinformationen und die ausgew\u00e4hlten Bildschirmoptionen zu speichern. Die Login-Cookies verfallen nach zwei Tagen und die Bildschirmoptionen nach einem Jahr. Wenn Sie die Option &#8218;Remember me&#8216; w\u00e4hlen, l\u00e4uft die Anmeldung nach zwei Wochen ab. Wenn Sie sich von Ihrem Konto abmelden, werden Ihre Login-Cookies gel\u00f6scht.<\/p>\r\n<p>Wenn Sie einen Artikel \u00e4ndern oder ver\u00f6ffentlichen, wird ein zus\u00e4tzliches Cookie in Ihrem Browser gespeichert. Dieses Cookie enth\u00e4lt keine pers\u00f6nlichen Daten, sondern verweist lediglich auf die ID des Artikels, den Sie gerade bearbeitet haben. Er l\u00e4uft nach 1 Tag ab.<\/p>\r\n<h3>Eingebettete Inhalte von anderen Websites<\/h3>\r\n<p>Die Artikel auf dieser Website k\u00f6nnen eingebettete Inhalte enthalten (z. B. Videos, Bilder, Artikel usw.). Eingebettete Inhalte von anderen Websites verhalten sich genauso, als ob Sie die betreffende Website direkt besucht h\u00e4tten.<\/p>\r\n<p>Die Websites k\u00f6nnen Informationen \u00fcber Sie sammeln, Cookies verwenden, zus\u00e4tzliche Tracking-Systeme von Drittanbietern einbinden und Ihre Interaktionen mit eingebettetem Material \u00fcberwachen, einschlie\u00dflich der Verfolgung Ihrer Interaktionen mit eingebettetem Material, wenn Sie \u00fcber ein Konto verf\u00fcgen und bei dieser Website angemeldet sind.<\/p>\r\n<h3>Analyse von Statistiken<\/h3>\r\n<h2>Mit wem wir Daten teilen<\/h2>\r\n<p>Wenn Sie eine Passwortr\u00fccksetzung anfordern, wird Ihre IP-Adresse in der von Ihnen gesendeten Nachricht gespeichert.<\/p>\r\n<h2>Wie lange wir Ihre Daten aufbewahren<\/h2>\r\n<p>Wenn Sie einen Kommentar hinterlassen, werden dessen Inhalt und Metadaten auf unbestimmte Zeit gespeichert. Dies erm\u00f6glicht es uns, nachfolgende Kommentare automatisch zu erkennen und zu genehmigen, ohne sie jedes Mal zur Moderation zu schicken.<\/p>\r\n<p>Bei Nutzern, die sich auf unserer Website registriert haben (falls vorhanden), speichern wir auch die im Profil eingegebenen pers\u00f6nlichen Daten. Jeder Nutzer kann seine pers\u00f6nlichen Daten jederzeit einsehen, korrigieren oder l\u00f6schen (mit Ausnahme des Benutzernamens, der nicht ge\u00e4ndert werden kann). Auch die Administratoren der Website k\u00f6nnen diese Informationen einsehen und \u00e4ndern.<\/p>\r\n<h2>Welche Rechte haben Sie an Ihren Daten?<\/h2>\r\n<p>Wenn Sie ein Benutzerkonto haben oder Kommentare zu dieser Website verfasst haben, k\u00f6nnen Sie eine Datei mit einem exportierten Satz Ihrer pers\u00f6nlichen Daten in unserem Besitz anfordern, einschlie\u00dflich aller von Ihnen bereitgestellten Informationen. Sie k\u00f6nnen auch verlangen, dass wir alle in unserem Besitz befindlichen personenbezogenen Daten l\u00f6schen. Dies gilt nicht f\u00fcr Daten, die wir aus administrativen, rechtlichen oder Sicherheitsgr\u00fcnden aufbewahren m\u00fcssen.<\/p>\r\n<h2>Wohin \u00fcbermitteln wir Ihre Daten?<\/h2>\r\n<p>Besucherkommentare k\u00f6nnen von einem automatischen Spam-Erkennungsdienst \u00fcberpr\u00fcft werden.<\/p>\r\n<h2>Werbeanzeigen<\/h2>\r\n<p>Die Website verwendet Werbung von Google AdSense. Der Blog verwendet Cookies von Google LLC, die den Google AdSense-Dienst betreffen.<\/p>\r\n<div style='text-align:center' class='yasr-auto-insert-visitor'><\/div>","protected":false},"excerpt":{"rendered":"<p>Unsere Website-Adresse lautet: https:\/\/plxc.pl\/de. Welche pers\u00f6nlichen Daten wir sammeln und warum wir sie sammeln Kommentare Wenn ein Besucher der Website einen Kommentar hinterl\u00e4sst, erfassen wir die im Kommentarformular sichtbaren Daten sowie die IP-Adresse und die Browsersignatur des Besuchers als Hilfsmittel zur Spamerkennung. Medien Wenn Sie ein registrierter Benutzer sind und Bilder auf die Website hochladen, [&hellip;]<\/p>\n","protected":false},"author":1,"featured_media":0,"parent":0,"menu_order":0,"comment_status":"closed","ping_status":"closed","template":"","meta":{"yasr_overall_rating":0,"yasr_post_is_review":"","yasr_auto_insert_disabled":"","yasr_review_type":""},"yasr_visitor_votes":{"stars_attributes":{"read_only":false,"span_bottom":false},"number_of_votes":0,"sum_votes":0},"yoast_head":"<!-- This site is optimized with the Yoast SEO plugin v19.13 - https:\/\/yoast.com\/wordpress\/plugins\/seo\/ -->\n<title>Datenschutzbestimmungen - plxc.pl<\/title>\n<meta name=\"robots\" content=\"noindex, follow\" \/>\n<meta property=\"og:locale\" content=\"de_DE\" \/>\n<meta property=\"og:type\" content=\"article\" \/>\n<meta property=\"og:title\" content=\"Datenschutzbestimmungen - plxc.pl\" \/>\n<meta property=\"og:description\" content=\"Unsere Website-Adresse lautet: https:\/\/plxc.pl\/de. Welche pers\u00f6nlichen Daten wir sammeln und warum wir sie sammeln Kommentare Wenn ein Besucher der Website einen Kommentar hinterl\u00e4sst, erfassen wir die im Kommentarformular sichtbaren Daten sowie die IP-Adresse und die Browsersignatur des Besuchers als Hilfsmittel zur Spamerkennung. Medien Wenn Sie ein registrierter Benutzer sind und Bilder auf die Website hochladen, [&hellip;]\" \/>\n<meta property=\"og:url\" content=\"https:\/\/plxc.pl\/de\/polityka-prywatnosci\/\" \/>\n<meta property=\"og:site_name\" content=\"plxc.pl\" \/>\n<meta property=\"article:modified_time\" content=\"2023-06-08T17:45:00+00:00\" \/>\n<meta name=\"twitter:card\" content=\"summary_large_image\" \/>\n<meta name=\"twitter:label1\" content=\"Gesch\u00e4tzte Lesezeit\" \/>\n\t<meta name=\"twitter:data1\" content=\"3\u00a0Minuten\" \/>\n<script type=\"application\/ld+json\" class=\"yoast-schema-graph\">{\"@context\":\"https:\/\/schema.org\",\"@graph\":[{\"@type\":\"WebPage\",\"@id\":\"https:\/\/plxc.pl\/de\/polityka-prywatnosci\/\",\"url\":\"https:\/\/plxc.pl\/de\/polityka-prywatnosci\/\",\"name\":\"Datenschutzbestimmungen - plxc.pl\",\"isPartOf\":{\"@id\":\"https:\/\/plxc.pl\/de\/#website\"},\"datePublished\":\"2022-07-29T20:49:22+00:00\",\"dateModified\":\"2023-06-08T17:45:00+00:00\",\"breadcrumb\":{\"@id\":\"https:\/\/plxc.pl\/de\/polityka-prywatnosci\/#breadcrumb\"},\"inLanguage\":\"de\",\"potentialAction\":[{\"@type\":\"ReadAction\",\"target\":[\"https:\/\/plxc.pl\/de\/polityka-prywatnosci\/\"]}]},{\"@type\":\"BreadcrumbList\",\"@id\":\"https:\/\/plxc.pl\/de\/polityka-prywatnosci\/#breadcrumb\",\"itemListElement\":[{\"@type\":\"ListItem\",\"position\":1,\"name\":\"Homepage\",\"item\":\"https:\/\/plxc.pl\/de\/\"},{\"@type\":\"ListItem\",\"position\":2,\"name\":\"Datenschutzbestimmungen\"}]},{\"@type\":\"WebSite\",\"@id\":\"https:\/\/plxc.pl\/de\/#website\",\"url\":\"https:\/\/plxc.pl\/de\/\",\"name\":\"plxc.pl\",\"description\":\"\",\"potentialAction\":[{\"@type\":\"SearchAction\",\"target\":{\"@type\":\"EntryPoint\",\"urlTemplate\":\"https:\/\/plxc.pl\/de\/?s={search_term_string}\"},\"query-input\":\"required name=search_term_string\"}],\"inLanguage\":\"de\"},false]}<\/script>\n<!-- \/ Yoast SEO plugin. -->","yoast_head_json":{"title":"Datenschutzbestimmungen - plxc.pl","robots":{"index":"noindex","follow":"follow"},"og_locale":"de_DE","og_type":"article","og_title":"Datenschutzbestimmungen - plxc.pl","og_description":"Unsere Website-Adresse lautet: https:\/\/plxc.pl\/de. Welche pers\u00f6nlichen Daten wir sammeln und warum wir sie sammeln Kommentare Wenn ein Besucher der Website einen Kommentar hinterl\u00e4sst, erfassen wir die im Kommentarformular sichtbaren Daten sowie die IP-Adresse und die Browsersignatur des Besuchers als Hilfsmittel zur Spamerkennung. Medien Wenn Sie ein registrierter Benutzer sind und Bilder auf die Website hochladen, [&hellip;]","og_url":"https:\/\/plxc.pl\/de\/polityka-prywatnosci\/","og_site_name":"plxc.pl","article_modified_time":"2023-06-08T17:45:00+00:00","twitter_card":"summary_large_image","twitter_misc":{"Gesch\u00e4tzte Lesezeit":"3\u00a0Minuten"},"schema":{"@context":"https:\/\/schema.org","@graph":[{"@type":"WebPage","@id":"https:\/\/plxc.pl\/de\/polityka-prywatnosci\/","url":"https:\/\/plxc.pl\/de\/polityka-prywatnosci\/","name":"Datenschutzbestimmungen - plxc.pl","isPartOf":{"@id":"https:\/\/plxc.pl\/de\/#website"},"datePublished":"2022-07-29T20:49:22+00:00","dateModified":"2023-06-08T17:45:00+00:00","breadcrumb":{"@id":"https:\/\/plxc.pl\/de\/polityka-prywatnosci\/#breadcrumb"},"inLanguage":"de","potentialAction":[{"@type":"ReadAction","target":["https:\/\/plxc.pl\/de\/polityka-prywatnosci\/"]}]},{"@type":"BreadcrumbList","@id":"https:\/\/plxc.pl\/de\/polityka-prywatnosci\/#breadcrumb","itemListElement":[{"@type":"ListItem","position":1,"name":"Homepage","item":"https:\/\/plxc.pl\/de\/"},{"@type":"ListItem","position":2,"name":"Datenschutzbestimmungen"}]},{"@type":"WebSite","@id":"https:\/\/plxc.pl\/de\/#website","url":"https:\/\/plxc.pl\/de\/","name":"plxc.pl","description":"","potentialAction":[{"@type":"SearchAction","target":{"@type":"EntryPoint","urlTemplate":"https:\/\/plxc.pl\/de\/?s={search_term_string}"},"query-input":"required name=search_term_string"}],"inLanguage":"de"},false]}},"_links":{"self":[{"href":"https:\/\/plxc.pl\/de\/wp-json\/wp\/v2\/pages\/3"}],"collection":[{"href":"https:\/\/plxc.pl\/de\/wp-json\/wp\/v2\/pages"}],"about":[{"href":"https:\/\/plxc.pl\/de\/wp-json\/wp\/v2\/types\/page"}],"author":[{"embeddable":true,"href":"https:\/\/plxc.pl\/de\/wp-json\/wp\/v2\/users\/1"}],"replies":[{"embeddable":true,"href":"https:\/\/plxc.pl\/de\/wp-json\/wp\/v2\/comments?post=3"}],"version-history":[{"count":4,"href":"https:\/\/plxc.pl\/de\/wp-json\/wp\/v2\/pages\/3\/revisions"}],"predecessor-version":[{"id":1472,"href":"https:\/\/plxc.pl\/de\/wp-json\/wp\/v2\/pages\/3\/revisions\/1472"}],"wp:attachment":[{"href":"https:\/\/plxc.pl\/de\/wp-json\/wp\/v2\/media?parent=3"}],"curies":[{"name":"wp","href":"https:\/\/api.w.org\/{rel}","templated":true}]}}